{"id":8631,"date":"2020-09-03T07:48:20","date_gmt":"2020-09-03T04:48:20","guid":{"rendered":"https:\/\/7oroof.com\/tfdemos\/medcity\/?page_id=8631"},"modified":"2024-02-19T16:32:12","modified_gmt":"2024-02-19T13:32:12","slug":"hakkimizda","status":"publish","type":"page","link":"https:\/\/animalpark.tr\/vet\/hakkimizda\/","title":{"rendered":"Hakk\u0131m\u0131zda"},"content":{"rendered":"\t\t<div data-elementor-type=\"wp-page\" data-elementor-id=\"8631\" class=\"elementor elementor-8631\" data-elementor-post-type=\"page\">\n\t\t\t\t<div class=\"elementor-element elementor-element-8cb14b5 e-flex e-con-boxed e-con e-parent\" data-id=\"8cb14b5\" data-element_type=\"container\" data-e-type=\"container\">\n\t\t\t\t\t<div class=\"e-con-inner\">\n\t\t\t\t<div class=\"elementor-element elementor-element-9af4a20 elementor-widget elementor-widget-cms_breadcrumb\" data-id=\"9af4a20\" data-element_type=\"widget\" data-e-type=\"widget\" data-widget_type=\"cms_breadcrumb.default\">\n\t\t\t\t<div class=\"elementor-widget-container\">\n\t\t\t\t\t<ul class=\"cms-breadcrumb\"><li><span class=\"breadcrumb-entry\">AnimalPark<\/span><\/li><\/ul>\t\t\t\t<\/div>\n\t\t\t\t<\/div>\n\t\t\t\t\t<\/div>\n\t\t\t\t<\/div>\n\t\t        <section class=\"elementor-section elementor-top-section elementor-element elementor-element-1f3315b2 elementor-section-stretched elementor-section-content-middle elementor-section-height-full elementor-section-items-stretch elementor-section-boxed elementor-section-height-default\" data-id=\"1f3315b2\" data-element_type=\"section\" data-e-type=\"section\" data-settings=\"{&quot;stretch_section&quot;:&quot;section-stretched&quot;,&quot;background_background&quot;:&quot;gradient&quot;}\">\r\n\t\t            <div class=\"elementor-background-overlay\"><\/div>\r\n\t\t\r\n\t\t        <div class=\"elementor-container elementor-column-gap-default \" >\r\n\t\t            <div class=\"elementor-row\">\r\n\t\t        <div class=\"elementor-column elementor-col-50 elementor-top-column elementor-element elementor-element-2d10793\" data-id=\"2d10793\" data-element_type=\"column\" data-e-type=\"column\">\r\n        <div class=\"elementor-column-wrap elementor-element-populated\">\r\n                            <div class=\"elementor-widget-wrap\">\r\n                \t\t<div class=\"elementor-element elementor-element-f81f56e elementor-widget elementor-widget-cms_heading\" data-id=\"f81f56e\" data-element_type=\"widget\" data-e-type=\"widget\" data-widget_type=\"cms_heading.default\">\n\t\t\t\t<div class=\"elementor-widget-container\">\n\t\t\t\t\t<div class=\"cms-heading-wrapper cms-heading-layout1\">\r\n    \r\n            <h1 class=\"custom-heading\">\r\n            <span >Animal Park Hakk\u0131nda<\/span>\r\n        <\/h1>\r\n        \r\n    <\/div>\t\t\t\t<\/div>\n\t\t\t\t<\/div>\n\t\t\t\t<div class=\"elementor-element elementor-element-57cc06a elementor-widget elementor-widget-text-editor\" data-id=\"57cc06a\" data-element_type=\"widget\" data-e-type=\"widget\" data-widget_type=\"text-editor.default\">\n\t\t\t\t<div class=\"elementor-widget-container\">\n\t\t\t\t\t\t\t\t\t<p><span style=\"color: #ffffff;\">Animal Park Veteriner Klini\u011fi olarak, evcil dostlar\u0131n\u0131z\u0131n sa\u011fl\u0131\u011f\u0131na adanm\u0131\u015f bir ekip olarak buraday\u0131z. Amac\u0131m\u0131z, sevimli dostlar\u0131n\u0131z\u0131n sa\u011fl\u0131kl\u0131, mutlu ve uzun bir ya\u015fam s\u00fcrmelerine destek olmakt\u0131r. Animal Park Veteriner Klini\u011fi, evcil hayvanlar\u0131n\u0131z\u0131n ihtiya\u00e7lar\u0131n\u0131 kar\u015f\u0131lamak i\u00e7in en kaliteli hizmetleri sunar. Deneyimli veteriner hekimlerimiz evcil hayvan\u0131n\u0131z\u0131n sa\u011fl\u0131\u011f\u0131na \u00f6nem verirken, onlar\u0131n konforunu da sa\u011flar. Animal Park&#8217;\u0131 tercih ederek evcil hayvan\u0131n\u0131z\u0131n en iyi bak\u0131m\u0131 alabilirsiniz.\u00a0<\/span><span style=\"color: #ffffff; font-family: inherit; background-color: transparent; letter-spacing: 0px;\">Sevgi ve sayg\u0131yla evcil hayvanlar\u0131n\u0131za yakla\u015f\u0131r\u0131z. K\u00f6peklerden kedilere, ku\u015flardan tav\u015fanlara ve s\u00fcr\u00fcngenlere kadar t\u00fcm evcil hayvanlar\u0131n sa\u011fl\u0131k ihtiya\u00e7lar\u0131na cevap veririz.\u00a0<\/span><span style=\"color: #ffffff; font-family: inherit; background-color: transparent; letter-spacing: 0px;\">A\u015f\u0131lar, check-up, ameliyatlar, laboratuvar testleri, ultrason, r\u00f6ntgen, yo\u011fun bak\u0131m ve di\u015f temizli\u011fi gibi t\u00fcm veteriner hizmetleri Animal Park&#8217;ta mevcuttur. Evcil hayvan\u0131n\u0131z\u0131n ihtiya\u00e7lar\u0131na \u00f6zel sa\u011fl\u0131k hizmetleri sunarak, uzun ve sa\u011fl\u0131kl\u0131 bir ya\u015fam s\u00fcrmelerine yard\u0131mc\u0131 oluruz.<\/span><\/p>\t\t\t\t\t\t\t\t<\/div>\n\t\t\t\t<\/div>\n\t\t            <\/div>\r\n                <\/div>\r\n        <\/div>\r\n                <div class=\"elementor-column elementor-col-50 elementor-top-column elementor-element elementor-element-1e693e4c\" data-id=\"1e693e4c\" data-element_type=\"column\" data-e-type=\"column\">\r\n        <div class=\"elementor-column-wrap elementor-element-populated\">\r\n                            <div class=\"elementor-widget-wrap\">\r\n                \t\t<div class=\"elementor-element elementor-element-c434ddb elementor-widget elementor-widget-image\" data-id=\"c434ddb\" data-element_type=\"widget\" data-e-type=\"widget\" data-widget_type=\"image.default\">\n\t\t\t\t<div class=\"elementor-widget-container\">\n\t\t\t\t\t\t\t\t\t\t\t\t\t\t\t<img decoding=\"async\" width=\"350\" height=\"100\" src=\"https:\/\/animalpark.tr\/vet\/wp-content\/uploads\/2023\/06\/animal-park-kadikoy-w-y.png\" class=\"attachment-full size-full wp-image-13363\" alt=\"animalpark.vet\" srcset=\"https:\/\/animalpark.tr\/vet\/wp-content\/uploads\/2023\/06\/animal-park-kadikoy-w-y.png 350w, https:\/\/animalpark.tr\/vet\/wp-content\/uploads\/2023\/06\/animal-park-kadikoy-w-y-300x86.png 300w\" sizes=\"(max-width: 350px) 100vw, 350px\" \/>\t\t\t\t\t\t\t\t\t\t\t\t\t\t\t<\/div>\n\t\t\t\t<\/div>\n\t\t\t\t<div class=\"elementor-element elementor-element-5f49174 elementor-widget elementor-widget-video\" data-id=\"5f49174\" data-element_type=\"widget\" data-e-type=\"widget\" data-settings=\"{&quot;video_type&quot;:&quot;hosted&quot;,&quot;autoplay&quot;:&quot;yes&quot;,&quot;play_on_mobile&quot;:&quot;yes&quot;,&quot;loop&quot;:&quot;yes&quot;,&quot;controls&quot;:&quot;yes&quot;}\" data-widget_type=\"video.default\">\n\t\t\t\t<div class=\"elementor-widget-container\">\n\t\t\t\t\t\t\t<div class=\"e-hosted-video elementor-wrapper elementor-open-inline\">\n\t\t\t\t\t<video class=\"elementor-video\" src=\"https:\/\/animalpark.tr\/vet\/wp-content\/uploads\/2023\/06\/Feneryolu-Mah.-Bagdat-Caddesindeki-7-24-acik-tam-donanimli-Animal-Park-Veteriner-Klinigimizde-patili-dostlarimizin-hizmetindeyiz.-vet-petlife-kadikoy-bagdatcaddesi-724-feneryolu-fe.mp4\" autoplay=\"\" loop=\"\" controls=\"\" playsinline=\"\" controlsList=\"nodownload\"><\/video>\n\t\t\t\t<\/div>\n\t\t\t\t\t\t<\/div>\n\t\t\t\t<\/div>\n\t\t            <\/div>\r\n                <\/div>\r\n        <\/div>\r\n        \t\t            <\/div>\r\n\t\t        <\/div>\r\n        <\/section>\r\n\t\t        <section class=\"elementor-section elementor-top-section elementor-element elementor-element-264f3f0 elementor-section-stretched elementor-section-content-middle elementor-section-boxed elementor-section-height-default elementor-section-height-default\" data-id=\"264f3f0\" data-element_type=\"section\" data-e-type=\"section\" data-settings=\"{&quot;stretch_section&quot;:&quot;section-stretched&quot;,&quot;background_background&quot;:&quot;gradient&quot;}\">\r\n\t\t            <div class=\"elementor-background-overlay\"><\/div>\r\n\t\t\r\n\t\t        <div class=\"elementor-container elementor-column-gap-default \" >\r\n\t\t            <div class=\"elementor-row\">\r\n\t\t        <div class=\"elementor-column elementor-col-100 elementor-top-column elementor-element elementor-element-82856a3\" data-id=\"82856a3\" data-element_type=\"column\" data-e-type=\"column\">\r\n        <div class=\"elementor-column-wrap elementor-element-populated\">\r\n                            <div class=\"elementor-widget-wrap\">\r\n                \t\t<div class=\"elementor-element elementor-element-c20e0c3 elementor-widget elementor-widget-cms_heading\" data-id=\"c20e0c3\" data-element_type=\"widget\" data-e-type=\"widget\" data-widget_type=\"cms_heading.default\">\n\t\t\t\t<div class=\"elementor-widget-container\">\n\t\t\t\t\t<div class=\"cms-heading-wrapper cms-heading-layout1\">\r\n            <div class=\"custom-subheading\">\u0130stanbul Kad\u0131k\u00f6y B\u00f6lgesinde<\/div>\r\n    \r\n            <h2 class=\"custom-heading\">\r\n            <span >Neden Animal Park Veteriner Klini\u011fi?<\/span>\r\n        <\/h2>\r\n        \r\n    <\/div>\t\t\t\t<\/div>\n\t\t\t\t<\/div>\n\t\t\t\t<div class=\"elementor-element elementor-element-238cbd1 elementor-widget elementor-widget-spacer\" data-id=\"238cbd1\" data-element_type=\"widget\" data-e-type=\"widget\" data-widget_type=\"spacer.default\">\n\t\t\t\t<div class=\"elementor-widget-container\">\n\t\t\t\t\t\t\t<div class=\"elementor-spacer\">\n\t\t\t<div class=\"elementor-spacer-inner\"><\/div>\n\t\t<\/div>\n\t\t\t\t\t\t<\/div>\n\t\t\t\t<\/div>\n\t\t\t\t<div class=\"elementor-element elementor-element-c6c79a6 elementor-icon-list--layout-traditional elementor-list-item-link-full_width elementor-widget elementor-widget-icon-list\" data-id=\"c6c79a6\" data-element_type=\"widget\" data-e-type=\"widget\" data-widget_type=\"icon-list.default\">\n\t\t\t\t<div class=\"elementor-widget-container\">\n\t\t\t\t\t\t\t<ul class=\"elementor-icon-list-items\">\n\t\t\t\t\t\t\t<li class=\"elementor-icon-list-item\">\n\t\t\t\t\t\t\t\t\t\t\t<span class=\"elementor-icon-list-icon\">\n\t\t\t\t\t\t\t<svg aria-hidden=\"true\" class=\"e-font-icon-svg e-fas-check\" viewBox=\"0 0 512 512\" xmlns=\"http:\/\/www.w3.org\/2000\/svg\"><path d=\"M173.898 439.404l-166.4-166.4c-9.997-9.997-9.997-26.206 0-36.204l36.203-36.204c9.997-9.998 26.207-9.998 36.204 0L192 312.69 432.095 72.596c9.997-9.997 26.207-9.997 36.204 0l36.203 36.204c9.997 9.997 9.997 26.206 0 36.204l-294.4 294.401c-9.998 9.997-26.207 9.997-36.204-.001z\"><\/path><\/svg>\t\t\t\t\t\t<\/span>\n\t\t\t\t\t\t\t\t\t\t<span class=\"elementor-icon-list-text\"><b>Deneyimli ve Uzman Kadro: <\/b>Hekimlerimiz uzmanl\u0131k alanlar\u0131nda tecr\u00fcbelidir ve sevgi dolu bir yakla\u015f\u0131mla evcil hayvanlar\u0131n\u0131za en iyi bak\u0131m\u0131 sunarlar.<\/span>\n\t\t\t\t\t\t\t\t\t<\/li>\n\t\t\t\t\t\t\t\t<li class=\"elementor-icon-list-item\">\n\t\t\t\t\t\t\t\t\t\t\t<span class=\"elementor-icon-list-icon\">\n\t\t\t\t\t\t\t<svg aria-hidden=\"true\" class=\"e-font-icon-svg e-fas-check\" viewBox=\"0 0 512 512\" xmlns=\"http:\/\/www.w3.org\/2000\/svg\"><path d=\"M173.898 439.404l-166.4-166.4c-9.997-9.997-9.997-26.206 0-36.204l36.203-36.204c9.997-9.998 26.207-9.998 36.204 0L192 312.69 432.095 72.596c9.997-9.997 26.207-9.997 36.204 0l36.203 36.204c9.997 9.997 9.997 26.206 0 36.204l-294.4 294.401c-9.998 9.997-26.207 9.997-36.204-.001z\"><\/path><\/svg>\t\t\t\t\t\t<\/span>\n\t\t\t\t\t\t\t\t\t\t<span class=\"elementor-icon-list-text\"><b>Kapsaml\u0131 Hizmetler: <\/b>Veteriner sa\u011fl\u0131k hizmetlerinde geni\u015f bir yelpazeye sahibiz. A\u015f\u0131lamadan cerrahi m\u00fcdahalelere, dental bak\u0131mdan beslenme dan\u0131\u015fmanl\u0131\u011f\u0131na kadar t\u00fcm ihtiya\u00e7lar\u0131n\u0131z\u0131 kar\u015f\u0131layacak hizmetler sunuyoruz.<\/span>\n\t\t\t\t\t\t\t\t\t<\/li>\n\t\t\t\t\t\t\t\t<li class=\"elementor-icon-list-item\">\n\t\t\t\t\t\t\t\t\t\t\t<span class=\"elementor-icon-list-icon\">\n\t\t\t\t\t\t\t<svg aria-hidden=\"true\" class=\"e-font-icon-svg e-fas-check\" viewBox=\"0 0 512 512\" xmlns=\"http:\/\/www.w3.org\/2000\/svg\"><path d=\"M173.898 439.404l-166.4-166.4c-9.997-9.997-9.997-26.206 0-36.204l36.203-36.204c9.997-9.998 26.207-9.998 36.204 0L192 312.69 432.095 72.596c9.997-9.997 26.207-9.997 36.204 0l36.203 36.204c9.997 9.997 9.997 26.206 0 36.204l-294.4 294.401c-9.998 9.997-26.207 9.997-36.204-.001z\"><\/path><\/svg>\t\t\t\t\t\t<\/span>\n\t\t\t\t\t\t\t\t\t\t<span class=\"elementor-icon-list-text\"><b>Teknoloji ve Donan\u0131m: <\/b>Klini\u011fimizde son teknoloji ekipmanlar ve modern t\u0131bbi ara\u00e7lar kullan\u0131yoruz. B\u00f6ylece tan\u0131 ve tedavi s\u00fcre\u00e7lerinde en etkili ve g\u00fcncel y\u00f6ntemleri uyguluyoruz.<\/span>\n\t\t\t\t\t\t\t\t\t<\/li>\n\t\t\t\t\t\t\t\t<li class=\"elementor-icon-list-item\">\n\t\t\t\t\t\t\t\t\t\t\t<span class=\"elementor-icon-list-icon\">\n\t\t\t\t\t\t\t<svg aria-hidden=\"true\" class=\"e-font-icon-svg e-fas-check\" viewBox=\"0 0 512 512\" xmlns=\"http:\/\/www.w3.org\/2000\/svg\"><path d=\"M173.898 439.404l-166.4-166.4c-9.997-9.997-9.997-26.206 0-36.204l36.203-36.204c9.997-9.998 26.207-9.998 36.204 0L192 312.69 432.095 72.596c9.997-9.997 26.207-9.997 36.204 0l36.203 36.204c9.997 9.997 9.997 26.206 0 36.204l-294.4 294.401c-9.998 9.997-26.207 9.997-36.204-.001z\"><\/path><\/svg>\t\t\t\t\t\t<\/span>\n\t\t\t\t\t\t\t\t\t\t<span class=\"elementor-icon-list-text\"><b>Bireysel Yakla\u015f\u0131m: <\/b>Her evcil hayvan\u0131n bireysel ihtiya\u00e7lar\u0131 farkl\u0131d\u0131r. Bu nedenle her hastam\u0131za \u00f6zel bir tedavi plan\u0131 olu\u015fturuyor, onlar\u0131n rahatl\u0131\u011f\u0131n\u0131 ve sa\u011fl\u0131\u011f\u0131n\u0131 \u00f6n planda tutuyoruz.<\/span>\n\t\t\t\t\t\t\t\t\t<\/li>\n\t\t\t\t\t\t\t\t<li class=\"elementor-icon-list-item\">\n\t\t\t\t\t\t\t\t\t\t\t<span class=\"elementor-icon-list-icon\">\n\t\t\t\t\t\t\t<svg aria-hidden=\"true\" class=\"e-font-icon-svg e-fas-check\" viewBox=\"0 0 512 512\" xmlns=\"http:\/\/www.w3.org\/2000\/svg\"><path d=\"M173.898 439.404l-166.4-166.4c-9.997-9.997-9.997-26.206 0-36.204l36.203-36.204c9.997-9.998 26.207-9.998 36.204 0L192 312.69 432.095 72.596c9.997-9.997 26.207-9.997 36.204 0l36.203 36.204c9.997 9.997 9.997 26.206 0 36.204l-294.4 294.401c-9.998 9.997-26.207 9.997-36.204-.001z\"><\/path><\/svg>\t\t\t\t\t\t<\/span>\n\t\t\t\t\t\t\t\t\t\t<span class=\"elementor-icon-list-text\"><b>Dost\u00e7a ve Rahat Ortam: <\/b>Klini\u011fimiz, evcil hayvanlar\u0131n\u0131z\u0131n stresini en aza indirmek i\u00e7in rahat bir atmosfere sahiptir. Dostlar\u0131n\u0131z\u0131 tedavi s\u00fcrecinde rahat hissettirmek i\u00e7in \u00f6zenle tasarlanm\u0131\u015f bir alan sunuyoruz.<\/span>\n\t\t\t\t\t\t\t\t\t<\/li>\n\t\t\t\t\t\t<\/ul>\n\t\t\t\t\t\t<\/div>\n\t\t\t\t<\/div>\n\t\t\t\t<div class=\"elementor-element elementor-element-520f9b6 elementor-widget elementor-widget-spacer\" data-id=\"520f9b6\" data-element_type=\"widget\" data-e-type=\"widget\" data-widget_type=\"spacer.default\">\n\t\t\t\t<div class=\"elementor-widget-container\">\n\t\t\t\t\t\t\t<div class=\"elementor-spacer\">\n\t\t\t<div class=\"elementor-spacer-inner\"><\/div>\n\t\t<\/div>\n\t\t\t\t\t\t<\/div>\n\t\t\t\t<\/div>\n\t\t\t\t<div class=\"elementor-element elementor-element-64c0e2f elementor-widget-mobile__width-inherit elementor-widget elementor-widget-cms_button\" data-id=\"64c0e2f\" data-element_type=\"widget\" data-e-type=\"widget\" data-widget_type=\"cms_button.default\">\n\t\t\t\t<div class=\"elementor-widget-container\">\n\t\t\t\t\t<div class=\"cms-button-wrapper cms-button layout1\">\r\n    <a href=\"\/klinigimiz\/\" target=\"_blank\" rel=\"nofollow\" class=\"btn btn-fullwidth\">\r\n                            <span class=\"cms-button-icon cms-align-icon-\">\r\n                            <\/span>\r\n                <span class=\"cms-button-text\">Daha fazla bilgi al<\/span>\r\n    <\/a>\r\n<\/div>\t\t\t\t<\/div>\n\t\t\t\t<\/div>\n\t\t            <\/div>\r\n                <\/div>\r\n        <\/div>\r\n        \t\t            <\/div>\r\n\t\t        <\/div>\r\n        <\/section>\r\n\t\t        <section class=\"elementor-section elementor-top-section elementor-element elementor-element-b9758f2 elementor-section-stretched elementor-section-content-middle elementor-section-height-full elementor-section-items-stretch elementor-section-boxed elementor-section-height-default\" data-id=\"b9758f2\" data-element_type=\"section\" data-e-type=\"section\" data-settings=\"{&quot;stretch_section&quot;:&quot;section-stretched&quot;,&quot;background_background&quot;:&quot;gradient&quot;}\">\r\n\t\t            <div class=\"elementor-background-overlay\"><\/div>\r\n\t\t\r\n\t\t        <div class=\"elementor-container elementor-column-gap-default \" >\r\n\t\t            <div class=\"elementor-row\">\r\n\t\t        <div class=\"elementor-column elementor-col-100 elementor-top-column elementor-element elementor-element-d009ee8\" data-id=\"d009ee8\" data-element_type=\"column\" data-e-type=\"column\">\r\n        <div class=\"elementor-column-wrap elementor-element-populated\">\r\n                            <div class=\"elementor-widget-wrap\">\r\n                \t\t<div class=\"elementor-element elementor-element-b1eb518 elementor-widget elementor-widget-cms_heading\" data-id=\"b1eb518\" data-element_type=\"widget\" data-e-type=\"widget\" data-widget_type=\"cms_heading.default\">\n\t\t\t\t<div class=\"elementor-widget-container\">\n\t\t\t\t\t<div class=\"cms-heading-wrapper cms-heading-layout1\">\r\n            <div class=\"custom-subheading\">Animal Park Veteriner Klini\u011fi<\/div>\r\n    \r\n            <h3 class=\"custom-heading\">\r\n            <span >Hayvanlar ve Hastal\u0131klar\u0131 Alan\u0131ndaki Uzmanl\u0131klar\u0131<\/span>\r\n        <\/h3>\r\n        \r\n    <\/div>\t\t\t\t<\/div>\n\t\t\t\t<\/div>\n\t\t\t\t<div class=\"elementor-element elementor-element-ab90686 elementor-widget elementor-widget-spacer\" data-id=\"ab90686\" data-element_type=\"widget\" data-e-type=\"widget\" data-widget_type=\"spacer.default\">\n\t\t\t\t<div class=\"elementor-widget-container\">\n\t\t\t\t\t\t\t<div class=\"elementor-spacer\">\n\t\t\t<div class=\"elementor-spacer-inner\"><\/div>\n\t\t<\/div>\n\t\t\t\t\t\t<\/div>\n\t\t\t\t<\/div>\n\t\t\t\t<div class=\"elementor-element elementor-element-82fc522 elementor-widget elementor-widget-text-editor\" data-id=\"82fc522\" data-element_type=\"widget\" data-e-type=\"widget\" data-widget_type=\"text-editor.default\">\n\t\t\t\t<div class=\"elementor-widget-container\">\n\t\t\t\t\t\t\t\t\t<p><a href=\"https:\/\/animalpark.tr\/vet\/\" target=\"_blank\" style=\"letter-spacing: 0px;\">Animal Park<\/a><span style=\"color: #ffffff;\">, hayvan sa\u011fl\u0131\u011f\u0131 ve refah\u0131 alan\u0131nda uzmanl\u0131\u011f\u0131 ile \u00f6ne \u00e7\u0131kan bir klinik olarak \u00f6zellikle \u0130stanbul Kad\u0131k\u00f6y ve \u00e7evresindeki hayvan sahiplerine hizmet vermektedir.<\/span><\/p>\n<p><a href=\"https:\/\/animalpark.tr\/vet\/klinigimiz\" target=\"_blank\" style=\"letter-spacing: 0px;\">Klini\u011fimizde<\/a><span style=\"color: #ffffff;\">, bir\u00e7ok farkl\u0131 t\u00fcrde hayvanlar\u0131n sa\u011fl\u0131\u011f\u0131na odaklanan uzman veteriner hekimlerimiz bulunmaktad\u0131r. K\u00fc\u00e7\u00fck hayvanlar, ku\u015flar, kemirgenler ve egzotik hayvanlar gibi farkl\u0131 t\u00fcrlerdeki hayvanlar\u0131n t\u0131bbi ihtiya\u00e7lar\u0131n\u0131 kar\u015f\u0131lamak i\u00e7in gerekli t\u00fcm bilgi ve ekipmanlara sahibiz.<span style=\"background-color: transparent; font-family: inherit; font-weight: inherit; letter-spacing: 0px;\">&nbsp;<\/span><\/span><\/p>\n<p><span style=\"color: #ffffff;\">\u00d6zellikle&nbsp;<\/span><a href=\"https:\/\/animalpark.tr\/vet\/servis\/veteriner-cerrahi-operasyonlar\/\" target=\"_blank\">veteriner cerrahi<\/a><span style=\"color: #ffffff;\">,&nbsp;<\/span><a href=\"https:\/\/animalpark.tr\/vet\/servis\/evcil-hayvanlarda-agiz-dis-sagligi\/\" target=\"_blank\">evcil hayvan di\u015f hekimli\u011fi<\/a><span style=\"color: #ffffff;\">, dermatoloji,&nbsp;<\/span><a href=\"https:\/\/animalpark.tr\/vet\/servis\/veteriner-dahiliye-ic-hastaliklari\/\" target=\"_blank\">veteriner i\u00e7 hastal\u0131klar\u0131<\/a><span style=\"color: #ffffff;\">, travmatoloji,&nbsp;<\/span><a href=\"https:\/\/animalpark.tr\/vet\/servis\/veteriner-tibbi-goruntuleme\/\" target=\"_blank\">radyoloji<\/a><span style=\"color: #ffffff;\">, ultrasonografi,&nbsp;<\/span><a href=\"https:\/\/animalpark.tr\/vet\/servis\/yogun-bakim\/\" target=\"_blank\">yo\u011fun bak\u0131m<\/a><span style=\"color: #ffffff;\">,&nbsp;<\/span><a href=\"https:\/\/animalpark.tr\/vet\/servis\/acil-veteriner\/\" target=\"_blank\">acil m\u00fcdahale<\/a><span style=\"color: #ffffff;\">,&nbsp;<\/span><a href=\"https:\/\/animalpark.tr\/vet\/hizmet\/pet-taksi-vet-ambulans\/\" target=\"_blank\">pet ambulans hizmetleri<\/a><span style=\"color: #ffffff;\">&nbsp;gibi alanlarda uzmanl\u0131k sahibiyiz. Hakk\u0131m\u0131zda bu t\u00fcr bilgilere internet sitemizden ula\u015fabilirsiniz.<span style=\"background-color: transparent; letter-spacing: 0px;\">&nbsp;<\/span><\/span><\/p>\n<p><a href=\"https:\/\/animalpark.tr\/vet\/ekibimiz\" target=\"_blank\" style=\"letter-spacing: 0px;\">Veteriner hekimlerimiz<\/a><span style=\"color: #ffffff;\">, hayvanlar\u0131n\u0131z\u0131n sa\u011fl\u0131\u011f\u0131na dair en iyi bak\u0131m\u0131 sunmak i\u00e7in son teknoloji ekipmanlar ve ileri teknikler kullanarak tedavi planlar\u0131 olu\u015ftururlar. Klini\u011fimizde, hayvanlar\u0131n\u0131z\u0131n sa\u011fl\u0131kl\u0131 bir ya\u015fam s\u00fcrmesi i\u00e7in gerekli olan her t\u00fcrl\u00fc t\u0131bbi hizmeti sunmaktan gurur duyuyoruz.<span style=\"background-color: transparent; letter-spacing: 0px;\">&nbsp;<\/span><\/span><\/p>\n<p><span style=\"color: #ffffff;\">Animal Park, hayvanlar\u0131n\u0131z\u0131n sa\u011fl\u0131\u011f\u0131 ve mutlulu\u011fu i\u00e7in elinden gelenin en iyisini yapmakta ve m\u00fc\u015fteri memnuniyetini \u00f6n planda tutmaktad\u0131r. Hakk\u0131m\u0131zda duyulan t\u00fcm bilgiler \u0131\u015f\u0131\u011f\u0131nda Hayvanlar\u0131n\u0131z\u0131n tedavisi s\u0131ras\u0131nda size ve evcil dostlar\u0131n\u0131za en iyi deste\u011fi sunabilmek i\u00e7in e\u011fitimli ve deneyimli personelimiz her zaman hizmetinizdedir. Hayvanlar\u0131n\u0131z\u0131n t\u00fcm rahats\u0131zl\u0131klar\u0131nda, Animal Park Veteriner Klini\u011finden hizmet alabilirsiniz.&nbsp;<span style=\"background-color: transparent; letter-spacing: 0px;\">Klini\u011fimiz hakk\u0131nda bilgi edindi\u011finiz i\u00e7in te\u015fekk\u00fcr eder, sa\u011fl\u0131kl\u0131 g\u00fcnler dileriz.<\/span><\/span><\/p>\t\t\t\t\t\t\t\t<\/div>\n\t\t\t\t<\/div>\n\t\t\t\t<div class=\"elementor-element elementor-element-1f99602 elementor-widget-mobile__width-inherit elementor-widget elementor-widget-cms_button\" data-id=\"1f99602\" data-element_type=\"widget\" data-e-type=\"widget\" data-widget_type=\"cms_button.default\">\n\t\t\t\t<div class=\"elementor-widget-container\">\n\t\t\t\t\t<div class=\"cms-button-wrapper cms-button layout1\">\r\n    <a href=\"\/iletisim\/\" target=\"_blank\" rel=\"nofollow\" class=\"btn btn-fullwidth\">\r\n                            <span class=\"cms-button-icon cms-align-icon-\">\r\n                            <\/span>\r\n                <span class=\"cms-button-text\">\u0130leti\u015fim<\/span>\r\n    <\/a>\r\n<\/div>\t\t\t\t<\/div>\n\t\t\t\t<\/div>\n\t\t            <\/div>\r\n                <\/div>\r\n        <\/div>\r\n        \t\t            <\/div>\r\n\t\t        <\/div>\r\n        <\/section>\r\n\t\t<div class=\"elementor-element elementor-element-e32bb25 e-flex e-con-boxed e-con e-parent\" data-id=\"e32bb25\" data-element_type=\"container\" data-e-type=\"container\">\n\t\t\t\t\t<div class=\"e-con-inner\">\n\t\t\t\t\t<\/div>\n\t\t\t\t<\/div>\n\t\t\t\t<\/div>\n\t\t","protected":false},"excerpt":{"rendered":"<p>AnimalPark Animal Park Hakk\u0131nda Animal Park Veteriner Klini\u011fi olarak, evcil dostlar\u0131n\u0131z\u0131n sa\u011fl\u0131\u011f\u0131na adanm\u0131\u015f bir ekip olarak buraday\u0131z. Amac\u0131m\u0131z, sevimli dostlar\u0131n\u0131z\u0131n sa\u011fl\u0131kl\u0131, mutlu ve uzun bir ya\u015fam s\u00fcrmelerine destek olmakt\u0131r. Animal Park Veteriner Klini\u011fi, evcil hayvanlar\u0131n\u0131z\u0131n ihtiya\u00e7lar\u0131n\u0131 kar\u015f\u0131lamak i\u00e7in en kaliteli hizmetleri sunar. Deneyimli veteriner hekimlerimiz evcil hayvan\u0131n\u0131z\u0131n sa\u011fl\u0131\u011f\u0131na \u00f6nem verirken, onlar\u0131n konforunu da sa\u011flar. Animal [&hellip;]<\/p>\n","protected":false},"author":1,"featured_media":0,"parent":0,"menu_order":0,"comment_status":"closed","ping_status":"closed","template":"","meta":{"footnotes":""},"class_list":["post-8631","page","type-page","status-publish","hentry"],"_links":{"self":[{"href":"https:\/\/animalpark.tr\/vet\/wp-json\/wp\/v2\/pages\/8631","targetHints":{"allow":["GET"]}}],"collection":[{"href":"https:\/\/animalpark.tr\/vet\/wp-json\/wp\/v2\/pages"}],"about":[{"href":"https:\/\/animalpark.tr\/vet\/wp-json\/wp\/v2\/types\/page"}],"author":[{"embeddable":true,"href":"https:\/\/animalpark.tr\/vet\/wp-json\/wp\/v2\/users\/1"}],"replies":[{"embeddable":true,"href":"https:\/\/animalpark.tr\/vet\/wp-json\/wp\/v2\/comments?post=8631"}],"version-history":[{"count":0,"href":"https:\/\/animalpark.tr\/vet\/wp-json\/wp\/v2\/pages\/8631\/revisions"}],"wp:attachment":[{"href":"https:\/\/animalpark.tr\/vet\/wp-json\/wp\/v2\/media?parent=8631"}],"curies":[{"name":"wp","href":"https:\/\/api.w.org\/{rel}","templated":true}]}}