{"id":19628,"date":"2023-07-09T03:46:30","date_gmt":"2023-07-09T00:46:30","guid":{"rendered":"https:\/\/animalpark.vet\/?page_id=19628"},"modified":"2024-03-06T16:21:07","modified_gmt":"2024-03-06T13:21:07","slug":"sartlar-ve-kosullar","status":"publish","type":"page","link":"https:\/\/animalpark.tr\/vet\/sartlar-ve-kosullar\/","title":{"rendered":"\u015eartlar ve Ko\u015fullar"},"content":{"rendered":"\t\t<div data-elementor-type=\"wp-post\" data-elementor-id=\"19628\" class=\"elementor elementor-19628\" data-elementor-post-type=\"page\">\n\t\t\t\t<div class=\"elementor-element elementor-element-8b3f4dc e-flex e-con-boxed e-con e-parent\" data-id=\"8b3f4dc\" data-element_type=\"container\" data-e-type=\"container\">\n\t\t\t\t\t<div class=\"e-con-inner\">\n\t\t\t\t<div class=\"elementor-element elementor-element-806cfa5 elementor-widget elementor-widget-heading\" data-id=\"806cfa5\" data-element_type=\"widget\" data-e-type=\"widget\" data-widget_type=\"heading.default\">\n\t\t\t\t<div class=\"elementor-widget-container\">\n\t\t\t\t\t<h1 class=\"elementor-heading-title elementor-size-default\">Animal Park'ta \u015eartlar ve Ko\u015fullar<\/h1>\t\t\t\t<\/div>\n\t\t\t\t<\/div>\n\t\t\t\t\t<\/div>\n\t\t\t\t<\/div>\n\t\t<div class=\"elementor-element elementor-element-35714d2f e-flex e-con-boxed e-con e-parent\" data-id=\"35714d2f\" data-element_type=\"container\" data-e-type=\"container\" data-settings=\"{&quot;background_background&quot;:&quot;classic&quot;}\">\n\t\t\t\t\t<div class=\"e-con-inner\">\n\t\t\t\t<div class=\"elementor-element elementor-element-1afcd51c elementor-alert-danger elementor-widget elementor-widget-alert\" data-id=\"1afcd51c\" data-element_type=\"widget\" data-e-type=\"widget\" data-widget_type=\"alert.default\">\n\t\t\t\t<div class=\"elementor-widget-container\">\n\t\t\t\t\t\t\t<div class=\"elementor-alert\" role=\"alert\">\n\n\t\t\t\t\t\t<span class=\"elementor-alert-title\">D \u0130 K K A T<\/span>\n\t\t\t\n\t\t\t\t\t\t<span class=\"elementor-alert-description\">Evcil hayvanlar\u0131m\u0131z\u0131n iyili\u011fi ve sa\u011fl\u0131\u011f\u0131 i\u00e7in l\u00fctfen telefonla tedavi y\u00f6ntemlerini veya ila\u00e7 verme konular\u0131n\u0131 sormak i\u00e7in aramay\u0131n\u0131z. \u0130nternet veya ba\u015fka bir kaynaktan edindi\u011finiz bilgilerle i\u015flem yapmak, evcil dostunuza zarar verebilir. Muayene ve tedavi \u00fccreti \u00f6demeniz, evcil hayvan\u0131n\u0131z\u0131n garanti alt\u0131na al\u0131naca\u011f\u0131 anlam\u0131na gelmez. T\u00fcm i\u015flemleriniz onay\u0131n\u0131z al\u0131nd\u0131ktan sonra ger\u00e7ekle\u015ftirilir.<\/span>\n\t\t\t\n\t\t\t\n\t\t<\/div>\n\t\t\t\t\t\t<\/div>\n\t\t\t\t<\/div>\n\t\t\t\t<div class=\"elementor-element elementor-element-6f2e9712 elementor-alert-warning elementor-widget elementor-widget-alert\" data-id=\"6f2e9712\" data-element_type=\"widget\" data-e-type=\"widget\" data-widget_type=\"alert.default\">\n\t\t\t\t<div class=\"elementor-widget-container\">\n\t\t\t\t\t\t\t<div class=\"elementor-alert\" role=\"alert\">\n\n\t\t\t\t\t\t<span class=\"elementor-alert-title\">U Y A R I<\/span>\n\t\t\t\n\t\t\t\t\t\t<span class=\"elementor-alert-description\">Bu sitedeki bilgiler, evcil hayvanlar\u0131n sa\u011fl\u0131\u011f\u0131 ve tedavisi hakk\u0131nda bilgi edinmek isteyen kullan\u0131c\u0131lar\u0131 bilgilendirmek amac\u0131yla haz\u0131rlanm\u0131\u015ft\u0131r. Ancak, bu bilgiler hastal\u0131klar\u0131n tan\u0131s\u0131 veya tedavisi i\u00e7in kullan\u0131lmamal\u0131d\u0131r. Tan\u0131 ve tedavi, bir veteriner hekim taraf\u0131ndan yap\u0131lmas\u0131 gereken ciddi i\u015flemlerdir. Bu nedenle, sitedeki bilgilerin tan\u0131 ve tedavi amac\u0131yla kullan\u0131m\u0131ndan do\u011facak sorumluluk tamamen ziyaret\u00e7iye aittir.<\/span>\n\t\t\t\n\t\t\t\n\t\t<\/div>\n\t\t\t\t\t\t<\/div>\n\t\t\t\t<\/div>\n\t\t\t\t<div class=\"elementor-element elementor-element-518198cc elementor-shape-circle elementor-grid-0 e-grid-align-center elementor-widget elementor-widget-social-icons\" data-id=\"518198cc\" data-element_type=\"widget\" data-e-type=\"widget\" data-widget_type=\"social-icons.default\">\n\t\t\t\t<div class=\"elementor-widget-container\">\n\t\t\t\t\t\t\t<div class=\"elementor-social-icons-wrapper elementor-grid\" role=\"list\">\n\t\t\t\t\t\t\t<span class=\"elementor-grid-item\" role=\"listitem\">\n\t\t\t\t\t<a class=\"elementor-icon elementor-social-icon elementor-social-icon-flaticon-phone-call elementor-repeater-item-fb12684\" href=\"tel:05010365980\" target=\"_blank\">\n\t\t\t\t\t\t<span class=\"elementor-screen-only\">Flaticon-phone-call<\/span>\n\t\t\t\t\t\t<i aria-hidden=\"true\" class=\"flaticon flaticon-phone-call\"><\/i>\t\t\t\t\t<\/a>\n\t\t\t\t<\/span>\n\t\t\t\t\t\t\t<span class=\"elementor-grid-item\" role=\"listitem\">\n\t\t\t\t\t<a class=\"elementor-icon elementor-social-icon elementor-social-icon-whatsapp elementor-repeater-item-e4c9c38\" href=\"https:\/\/wa.me\/905010365980\" target=\"_blank\" rel=\"noopener\">\n\t\t\t\t\t\t<span class=\"elementor-screen-only\">Whatsapp<\/span>\n\t\t\t\t\t\t<svg aria-hidden=\"true\" class=\"e-font-icon-svg e-fab-whatsapp\" viewBox=\"0 0 448 512\" xmlns=\"http:\/\/www.w3.org\/2000\/svg\"><path d=\"M380.9 97.1C339 55.1 283.2 32 223.9 32c-122.4 0-222 99.6-222 222 0 39.1 10.2 77.3 29.6 111L0 480l117.7-30.9c32.4 17.7 68.9 27 106.1 27h.1c122.3 0 224.1-99.6 224.1-222 0-59.3-25.2-115-67.1-157zm-157 341.6c-33.2 0-65.7-8.9-94-25.7l-6.7-4-69.8 18.3L72 359.2l-4.4-7c-18.5-29.4-28.2-63.3-28.2-98.2 0-101.7 82.8-184.5 184.6-184.5 49.3 0 95.6 19.2 130.4 54.1 34.8 34.9 56.2 81.2 56.1 130.5 0 101.8-84.9 184.6-186.6 184.6zm101.2-138.2c-5.5-2.8-32.8-16.2-37.9-18-5.1-1.9-8.8-2.8-12.5 2.8-3.7 5.6-14.3 18-17.6 21.8-3.2 3.7-6.5 4.2-12 1.4-32.6-16.3-54-29.1-75.5-66-5.7-9.8 5.7-9.1 16.3-30.3 1.8-3.7.9-6.9-.5-9.7-1.4-2.8-12.5-30.1-17.1-41.2-4.5-10.8-9.1-9.3-12.5-9.5-3.2-.2-6.9-.2-10.6-.2-3.7 0-9.7 1.4-14.8 6.9-5.1 5.6-19.4 19-19.4 46.3 0 27.3 19.9 53.7 22.6 57.4 2.8 3.7 39.1 59.7 94.8 83.8 35.2 15.2 49 16.5 66.6 13.9 10.7-1.6 32.8-13.4 37.4-26.4 4.6-13 4.6-24.1 3.2-26.4-1.3-2.5-5-3.9-10.5-6.6z\"><\/path><\/svg>\t\t\t\t\t<\/a>\n\t\t\t\t<\/span>\n\t\t\t\t\t\t\t<span class=\"elementor-grid-item\" role=\"listitem\">\n\t\t\t\t\t<a class=\"elementor-icon elementor-social-icon elementor-social-icon-location-arrow elementor-repeater-item-55a7789\" href=\"https:\/\/goo.gl\/maps\/FkSGJkAchuLjF1es5\" target=\"_blank\" rel=\"noopener\">\n\t\t\t\t\t\t<span class=\"elementor-screen-only\">Location-arrow<\/span>\n\t\t\t\t\t\t<svg aria-hidden=\"true\" class=\"e-font-icon-svg e-fas-location-arrow\" viewBox=\"0 0 512 512\" xmlns=\"http:\/\/www.w3.org\/2000\/svg\"><path d=\"M444.52 3.52L28.74 195.42c-47.97 22.39-31.98 92.75 19.19 92.75h175.91v175.91c0 51.17 70.36 67.17 92.75 19.19l191.9-415.78c15.99-38.39-25.59-79.97-63.97-63.97z\"><\/path><\/svg>\t\t\t\t\t<\/a>\n\t\t\t\t<\/span>\n\t\t\t\t\t<\/div>\n\t\t\t\t\t\t<\/div>\n\t\t\t\t<\/div>\n\t\t\t\t<div class=\"elementor-element elementor-element-36a35ab2 elementor-widget elementor-widget-text-editor\" data-id=\"36a35ab2\" data-element_type=\"widget\" data-e-type=\"widget\" data-widget_type=\"text-editor.default\">\n\t\t\t\t<div class=\"elementor-widget-container\">\n\t\t\t\t\t\t\t\t\t<p style=\"text-align: center;\"><strong>L\u00fctfen evcil dostunuzun sa\u011fl\u0131\u011f\u0131 i\u00e7in uzman bir veteriner hekime dan\u0131\u015fmak ve gerekti\u011finde randevu almak i\u00e7in ileti\u015fim butonlar\u0131m\u0131z\u0131 kullan\u0131n. Arama yapabilir, WhatsApp \u00fczerinden yazabilir veya yol tarifi alabilirsiniz.<\/strong><\/p>\t\t\t\t\t\t\t\t<\/div>\n\t\t\t\t<\/div>\n\t\t\t\t\t<\/div>\n\t\t\t\t<\/div>\n\t\t\t\t<\/div>\n\t\t","protected":false},"excerpt":{"rendered":"<p>Animal Park&#8217;ta \u015eartlar ve Ko\u015fullar D \u0130 K K A T Evcil hayvanlar\u0131m\u0131z\u0131n iyili\u011fi ve sa\u011fl\u0131\u011f\u0131 i\u00e7in l\u00fctfen telefonla tedavi y\u00f6ntemlerini veya ila\u00e7 verme konular\u0131n\u0131 sormak i\u00e7in aramay\u0131n\u0131z. \u0130nternet veya ba\u015fka bir kaynaktan edindi\u011finiz bilgilerle i\u015flem yapmak, evcil dostunuza zarar verebilir. Muayene ve tedavi \u00fccreti \u00f6demeniz, evcil hayvan\u0131n\u0131z\u0131n garanti alt\u0131na al\u0131naca\u011f\u0131 anlam\u0131na gelmez. T\u00fcm i\u015flemleriniz [&hellip;]<\/p>\n","protected":false},"author":1,"featured_media":0,"parent":0,"menu_order":0,"comment_status":"closed","ping_status":"closed","template":"","meta":{"footnotes":""},"class_list":["post-19628","page","type-page","status-publish","hentry"],"_links":{"self":[{"href":"https:\/\/animalpark.tr\/vet\/wp-json\/wp\/v2\/pages\/19628","targetHints":{"allow":["GET"]}}],"collection":[{"href":"https:\/\/animalpark.tr\/vet\/wp-json\/wp\/v2\/pages"}],"about":[{"href":"https:\/\/animalpark.tr\/vet\/wp-json\/wp\/v2\/types\/page"}],"author":[{"embeddable":true,"href":"https:\/\/animalpark.tr\/vet\/wp-json\/wp\/v2\/users\/1"}],"replies":[{"embeddable":true,"href":"https:\/\/animalpark.tr\/vet\/wp-json\/wp\/v2\/comments?post=19628"}],"version-history":[{"count":0,"href":"https:\/\/animalpark.tr\/vet\/wp-json\/wp\/v2\/pages\/19628\/revisions"}],"wp:attachment":[{"href":"https:\/\/animalpark.tr\/vet\/wp-json\/wp\/v2\/media?parent=19628"}],"curies":[{"name":"wp","href":"https:\/\/api.w.org\/{rel}","templated":true}]}}